{"id":39,"date":"2019-10-06T15:32:37","date_gmt":"2019-10-06T15:32:37","guid":{"rendered":"http:\/\/efua-traore.com\/?page_id=39"},"modified":"2024-06-18T07:38:51","modified_gmt":"2024-06-18T07:38:51","slug":"contact","status":"publish","type":"page","link":"https:\/\/efua-traore.com\/?page_id=39","title":{"rendered":"Contact \/ Bookings"},"content":{"rendered":"\t\t<div data-elementor-type=\"wp-page\" data-elementor-id=\"39\" class=\"elementor elementor-39\">\n\t\t\t\t\t\t<section class=\"elementor-section elementor-top-section elementor-element elementor-element-d37e308 elementor-section-boxed elementor-section-height-default elementor-section-height-default\" data-id=\"d37e308\" data-element_type=\"section\" data-e-type=\"section\">\n\t\t\t\t\t\t<div class=\"elementor-container elementor-column-gap-default\">\n\t\t\t\t\t<div class=\"elementor-column elementor-col-100 elementor-top-column elementor-element elementor-element-ef173a7\" data-id=\"ef173a7\" data-element_type=\"column\" data-e-type=\"column\">\n\t\t\t<div class=\"elementor-widget-wrap elementor-element-populated\">\n\t\t\t\t\t\t<div class=\"elementor-element elementor-element-42291ce elementor-widget elementor-widget-text-editor\" data-id=\"42291ce\" data-element_type=\"widget\" data-e-type=\"widget\" data-widget_type=\"text-editor.default\">\n\t\t\t\t<div class=\"elementor-widget-container\">\n\t\t\t\t\t\t\t\t\t<h3 class=\"wp-block-heading\">I am available for author events and school visits.<\/h3>\n<p style=\"margin: 0in; line-height: 18pt; background-image: initial; background-position: initial; background-size: initial; background-repeat: initial; background-attachment: initial; background-origin: initial; background-clip: initial;\"><span lang=\"EN-GB\" style=\"font-family: Lato, sans-serif;\">My school visits are interactive events in which I give insight into my inspirations, writing process, Nigerian culture, myths and folktales and much more.<\/span><\/p>\n<p><br \/>Here are some impressions:<\/p>\t\t\t\t\t\t\t\t<\/div>\n\t\t\t\t<\/div>\n\t\t\t\t\t<\/div>\n\t\t<\/div>\n\t\t\t\t\t<\/div>\n\t\t<\/section>\n\t\t\t\t<section class=\"elementor-section elementor-top-section elementor-element elementor-element-7e56921 elementor-section-full_width elementor-section-height-default elementor-section-height-default\" data-id=\"7e56921\" data-element_type=\"section\" data-e-type=\"section\">\n\t\t\t\t\t\t<div class=\"elementor-container elementor-column-gap-default\">\n\t\t\t\t\t<div class=\"elementor-column elementor-col-100 elementor-top-column elementor-element elementor-element-be68f8f\" data-id=\"be68f8f\" data-element_type=\"column\" data-e-type=\"column\">\n\t\t\t<div class=\"elementor-widget-wrap elementor-element-populated\">\n\t\t\t\t\t\t<div class=\"elementor-element elementor-element-687be49 elementor-widget elementor-widget-image\" data-id=\"687be49\" data-element_type=\"widget\" data-e-type=\"widget\" data-widget_type=\"image.default\">\n\t\t\t\t<div class=\"elementor-widget-container\">\n\t\t\t\t\t\t\t\t\t\t\t\t<figure class=\"wp-caption\">\n\t\t\t\t\t\t\t\t\t\t<img fetchpriority=\"high\" decoding=\"async\" width=\"642\" height=\"289\" src=\"https:\/\/efua-traore.com\/wp-content\/uploads\/2023\/08\/q-768x346.png\" class=\"attachment-medium_large size-medium_large wp-image-1015\" alt=\"\" srcset=\"https:\/\/efua-traore.com\/wp-content\/uploads\/2023\/08\/q-768x346.png 768w, https:\/\/efua-traore.com\/wp-content\/uploads\/2023\/08\/q-300x135.png 300w, https:\/\/efua-traore.com\/wp-content\/uploads\/2023\/08\/q-1024x461.png 1024w, https:\/\/efua-traore.com\/wp-content\/uploads\/2023\/08\/q-1536x692.png 1536w, https:\/\/efua-traore.com\/wp-content\/uploads\/2023\/08\/q-2048x922.png 2048w\" sizes=\"(max-width: 642px) 100vw, 642px\" \/>\t\t\t\t\t\t\t\t\t\t\t<figcaption class=\"widget-image-caption wp-caption-text\">Abu Dhabi International Book Fair 2023<\/figcaption>\n\t\t\t\t\t\t\t\t\t\t<\/figure>\n\t\t\t\t\t\t\t\t\t<\/div>\n\t\t\t\t<\/div>\n\t\t\t\t\t<\/div>\n\t\t<\/div>\n\t\t\t\t\t<\/div>\n\t\t<\/section>\n\t\t\t\t<section class=\"elementor-section elementor-top-section elementor-element elementor-element-872a1cb elementor-section-full_width elementor-section-height-default elementor-section-height-default\" data-id=\"872a1cb\" data-element_type=\"section\" data-e-type=\"section\">\n\t\t\t\t\t\t<div class=\"elementor-container elementor-column-gap-default\">\n\t\t\t\t\t<div class=\"elementor-column elementor-col-50 elementor-top-column elementor-element elementor-element-bfb17ee\" data-id=\"bfb17ee\" data-element_type=\"column\" data-e-type=\"column\">\n\t\t\t<div class=\"elementor-widget-wrap elementor-element-populated\">\n\t\t\t\t\t\t<div class=\"elementor-element elementor-element-5fe7ef7 elementor-widget elementor-widget-image\" data-id=\"5fe7ef7\" data-element_type=\"widget\" data-e-type=\"widget\" data-widget_type=\"image.default\">\n\t\t\t\t<div class=\"elementor-widget-container\">\n\t\t\t\t\t\t\t\t\t\t\t\t<figure class=\"wp-caption\">\n\t\t\t\t\t\t\t\t\t\t<img decoding=\"async\" width=\"135\" height=\"300\" src=\"https:\/\/efua-traore.com\/wp-content\/uploads\/2023\/08\/w-135x300.png\" class=\"attachment-medium size-medium wp-image-1014\" alt=\"\" srcset=\"https:\/\/efua-traore.com\/wp-content\/uploads\/2023\/08\/w-135x300.png 135w, https:\/\/efua-traore.com\/wp-content\/uploads\/2023\/08\/w-461x1024.png 461w, https:\/\/efua-traore.com\/wp-content\/uploads\/2023\/08\/w-768x1705.png 768w, https:\/\/efua-traore.com\/wp-content\/uploads\/2023\/08\/w-692x1536.png 692w, https:\/\/efua-traore.com\/wp-content\/uploads\/2023\/08\/w-922x2048.png 922w, https:\/\/efua-traore.com\/wp-content\/uploads\/2023\/08\/w.png 1816w\" sizes=\"(max-width: 135px) 100vw, 135px\" \/>\t\t\t\t\t\t\t\t\t\t\t<figcaption class=\"widget-image-caption wp-caption-text\">London School Event 2023<\/figcaption>\n\t\t\t\t\t\t\t\t\t\t<\/figure>\n\t\t\t\t\t\t\t\t\t<\/div>\n\t\t\t\t<\/div>\n\t\t\t\t\t<\/div>\n\t\t<\/div>\n\t\t\t\t<div class=\"elementor-column elementor-col-50 elementor-top-column elementor-element elementor-element-0798949\" data-id=\"0798949\" data-element_type=\"column\" data-e-type=\"column\">\n\t\t\t<div class=\"elementor-widget-wrap elementor-element-populated\">\n\t\t\t\t\t\t<div class=\"elementor-element elementor-element-ff9a4ad elementor-widget elementor-widget-image\" data-id=\"ff9a4ad\" data-element_type=\"widget\" data-e-type=\"widget\" data-widget_type=\"image.default\">\n\t\t\t\t<div class=\"elementor-widget-container\">\n\t\t\t\t\t\t\t\t\t\t\t\t<figure class=\"wp-caption\">\n\t\t\t\t\t\t\t\t\t\t<img decoding=\"async\" width=\"135\" height=\"300\" src=\"https:\/\/efua-traore.com\/wp-content\/uploads\/2023\/08\/e-135x300.png\" class=\"attachment-medium size-medium wp-image-1013\" alt=\"\" srcset=\"https:\/\/efua-traore.com\/wp-content\/uploads\/2023\/08\/e-135x300.png 135w, https:\/\/efua-traore.com\/wp-content\/uploads\/2023\/08\/e-461x1024.png 461w, https:\/\/efua-traore.com\/wp-content\/uploads\/2023\/08\/e-768x1705.png 768w, https:\/\/efua-traore.com\/wp-content\/uploads\/2023\/08\/e-692x1536.png 692w, https:\/\/efua-traore.com\/wp-content\/uploads\/2023\/08\/e-922x2048.png 922w, https:\/\/efua-traore.com\/wp-content\/uploads\/2023\/08\/e.png 1816w\" sizes=\"(max-width: 135px) 100vw, 135px\" \/>\t\t\t\t\t\t\t\t\t\t\t<figcaption class=\"widget-image-caption wp-caption-text\">Dublin International Literature festival 2023<\/figcaption>\n\t\t\t\t\t\t\t\t\t\t<\/figure>\n\t\t\t\t\t\t\t\t\t<\/div>\n\t\t\t\t<\/div>\n\t\t\t\t\t<\/div>\n\t\t<\/div>\n\t\t\t\t\t<\/div>\n\t\t<\/section>\n\t\t\t\t<section class=\"elementor-section elementor-top-section elementor-element elementor-element-8e42a2e elementor-section-full_width elementor-section-height-default elementor-section-height-default\" data-id=\"8e42a2e\" data-element_type=\"section\" data-e-type=\"section\">\n\t\t\t\t\t\t<div class=\"elementor-container elementor-column-gap-default\">\n\t\t\t\t\t<div class=\"elementor-column elementor-col-50 elementor-top-column elementor-element elementor-element-f87447d\" data-id=\"f87447d\" data-element_type=\"column\" data-e-type=\"column\">\n\t\t\t<div class=\"elementor-widget-wrap elementor-element-populated\">\n\t\t\t\t\t\t<div class=\"elementor-element elementor-element-cbc48b4 elementor-widget elementor-widget-image\" data-id=\"cbc48b4\" data-element_type=\"widget\" data-e-type=\"widget\" data-widget_type=\"image.default\">\n\t\t\t\t<div class=\"elementor-widget-container\">\n\t\t\t\t\t\t\t\t\t\t\t\t\t\t\t<img loading=\"lazy\" decoding=\"async\" width=\"135\" height=\"300\" src=\"https:\/\/efua-traore.com\/wp-content\/uploads\/2023\/08\/oxford-1-135x300.png\" class=\"attachment-medium size-medium wp-image-1016\" alt=\"\" srcset=\"https:\/\/efua-traore.com\/wp-content\/uploads\/2023\/08\/oxford-1-135x300.png 135w, https:\/\/efua-traore.com\/wp-content\/uploads\/2023\/08\/oxford-1-461x1024.png 461w, https:\/\/efua-traore.com\/wp-content\/uploads\/2023\/08\/oxford-1-768x1707.png 768w, https:\/\/efua-traore.com\/wp-content\/uploads\/2023\/08\/oxford-1-691x1536.png 691w, https:\/\/efua-traore.com\/wp-content\/uploads\/2023\/08\/oxford-1-922x2048.png 922w, https:\/\/efua-traore.com\/wp-content\/uploads\/2023\/08\/oxford-1.png 1080w\" sizes=\"(max-width: 135px) 100vw, 135px\" \/>\t\t\t\t\t\t\t\t\t\t\t\t\t\t\t<\/div>\n\t\t\t\t<\/div>\n\t\t\t\t\t<\/div>\n\t\t<\/div>\n\t\t\t\t<div class=\"elementor-column elementor-col-50 elementor-top-column elementor-element elementor-element-f25574d\" data-id=\"f25574d\" data-element_type=\"column\" data-e-type=\"column\">\n\t\t\t<div class=\"elementor-widget-wrap elementor-element-populated\">\n\t\t\t\t\t\t<div class=\"elementor-element elementor-element-5b74ab4 elementor-widget elementor-widget-image\" data-id=\"5b74ab4\" data-element_type=\"widget\" data-e-type=\"widget\" data-widget_type=\"image.default\">\n\t\t\t\t<div class=\"elementor-widget-container\">\n\t\t\t\t\t\t\t\t\t\t\t\t<figure class=\"wp-caption\">\n\t\t\t\t\t\t\t\t\t\t<img loading=\"lazy\" decoding=\"async\" width=\"642\" height=\"473\" src=\"https:\/\/efua-traore.com\/wp-content\/uploads\/2023\/08\/oxford-3-1024x754.png\" class=\"attachment-large size-large wp-image-1019\" alt=\"\" srcset=\"https:\/\/efua-traore.com\/wp-content\/uploads\/2023\/08\/oxford-3-1024x754.png 1024w, https:\/\/efua-traore.com\/wp-content\/uploads\/2023\/08\/oxford-3-300x221.png 300w, https:\/\/efua-traore.com\/wp-content\/uploads\/2023\/08\/oxford-3-768x565.png 768w, https:\/\/efua-traore.com\/wp-content\/uploads\/2023\/08\/oxford-3.png 1072w\" sizes=\"(max-width: 642px) 100vw, 642px\" \/>\t\t\t\t\t\t\t\t\t\t\t<figcaption class=\"widget-image-caption wp-caption-text\">Oxford Reflecting Realities Conference - Oxford Brookes University 2023<\/figcaption>\n\t\t\t\t\t\t\t\t\t\t<\/figure>\n\t\t\t\t\t\t\t\t\t<\/div>\n\t\t\t\t<\/div>\n\t\t\t\t\t<\/div>\n\t\t<\/div>\n\t\t\t\t\t<\/div>\n\t\t<\/section>\n\t\t\t\t<section class=\"elementor-section elementor-top-section elementor-element elementor-element-06f50f3 elementor-section-boxed elementor-section-height-default elementor-section-height-default\" data-id=\"06f50f3\" data-element_type=\"section\" data-e-type=\"section\">\n\t\t\t\t\t\t<div class=\"elementor-container elementor-column-gap-default\">\n\t\t\t\t\t<div class=\"elementor-column elementor-col-100 elementor-top-column elementor-element elementor-element-554defd\" data-id=\"554defd\" data-element_type=\"column\" data-e-type=\"column\">\n\t\t\t<div class=\"elementor-widget-wrap elementor-element-populated\">\n\t\t\t\t\t\t<div class=\"elementor-element elementor-element-397c20d elementor-widget elementor-widget-text-editor\" data-id=\"397c20d\" data-element_type=\"widget\" data-e-type=\"widget\" data-widget_type=\"text-editor.default\">\n\t\t\t\t<div class=\"elementor-widget-container\">\n\t\t\t\t\t\t\t\t\t<h3 class=\"wp-block-heading\">Let&#8217;s start a conversation<\/h3>\t\t\t\t\t\t\t\t<\/div>\n\t\t\t\t<\/div>\n\t\t\t\t\t<\/div>\n\t\t<\/div>\n\t\t\t\t\t<\/div>\n\t\t<\/section>\n\t\t\t\t<section class=\"elementor-section elementor-top-section elementor-element elementor-element-4eafcad5 elementor-section-boxed elementor-section-height-default elementor-section-height-default\" data-id=\"4eafcad5\" data-element_type=\"section\" data-e-type=\"section\">\n\t\t\t\t\t\t<div class=\"elementor-container elementor-column-gap-default\">\n\t\t\t\t\t<div class=\"elementor-column elementor-col-100 elementor-top-column elementor-element elementor-element-6af9eb77\" data-id=\"6af9eb77\" data-element_type=\"column\" data-e-type=\"column\">\n\t\t\t<div class=\"elementor-widget-wrap elementor-element-populated\">\n\t\t\t\t\t\t<div class=\"elementor-element elementor-element-5fc19bfa elementor-widget elementor-widget-text-editor\" data-id=\"5fc19bfa\" data-element_type=\"widget\" data-e-type=\"widget\" data-widget_type=\"text-editor.default\">\n\t\t\t\t<div class=\"elementor-widget-container\">\n\t\t\t\t\t\t\t\t\t<div class=\"wpforms-container wpforms-container-full\" id=\"wpforms-62\">\n<form id=\"wpforms-form-62\" class=\"wpforms-validate wpforms-form\" data-formid=\"62\" method=\"post\" enctype=\"multipart\/form-data\" action=\"\/index.php?rest_route=%2Fwp%2Fv2%2Fpages%2F39\" data-token=\"c2c69b29e0c24908546ce1e382634b44\" data-token-time=\"1776759843\"><noscript class=\"wpforms-error-noscript\">Please enable JavaScript in your browser to complete this form.<\/noscript><\/p>\n<div class=\"wpforms-field-container\">\n<div id=\"wpforms-62-field_0-container\" class=\"wpforms-field wpforms-field-name\" data-field-id=\"0\"><label class=\"wpforms-field-label\" for=\"wpforms-62-field_0\">Name <span class=\"wpforms-required-label\">*<\/span><\/label><input type=\"text\" id=\"wpforms-62-field_0\" class=\"wpforms-field-medium wpforms-field-required\" name=\"wpforms[fields][0]\" required><\/div>\n<div id=\"wpforms-62-field_1-container\" class=\"wpforms-field wpforms-field-email\" data-field-id=\"1\"><label class=\"wpforms-field-label\" for=\"wpforms-62-field_1\">E-Mail <span class=\"wpforms-required-label\">*<\/span><\/label><input type=\"email\" id=\"wpforms-62-field_1\" class=\"wpforms-field-medium wpforms-field-required\" name=\"wpforms[fields][1]\" spellcheck=\"false\" required><\/div>\n<div id=\"wpforms-62-field_2-container\" class=\"wpforms-field wpforms-field-textarea\" data-field-id=\"2\"><label class=\"wpforms-field-label\" for=\"wpforms-62-field_2\">Message <span class=\"wpforms-required-label\">*<\/span><\/label><textarea id=\"wpforms-62-field_2\" class=\"wpforms-field-medium wpforms-field-required\" name=\"wpforms[fields][2]\" required><\/textarea><\/div>\n<\/div>\n<p><!-- .wpforms-field-container --><\/p>\n<div class=\"wpforms-field wpforms-field-hp\"><label for=\"wpforms-62-field-hp\" class=\"wpforms-field-label\">Comment<\/label><input type=\"text\" name=\"wpforms[hp]\" id=\"wpforms-62-field-hp\" class=\"wpforms-field-medium\"><\/div>\n<div class=\"wpforms-submit-container\" ><input type=\"hidden\" name=\"wpforms[id]\" value=\"62\"><input type=\"hidden\" name=\"page_title\" value=\"\"><input type=\"hidden\" name=\"page_url\" value=\"https:\/\/efua-traore.com\/index.php?rest_route=\/wp\/v2\/pages\/39\"><input type=\"hidden\" name=\"url_referer\" value=\"\"><button type=\"submit\" name=\"wpforms[submit]\" id=\"wpforms-submit-62\" class=\"wpforms-submit\" data-alt-text=\"Sending...\" data-submit-text=\"Send\" aria-live=\"assertive\" value=\"wpforms-submit\">Send<\/button><\/div>\n<\/form>\n<\/div>\n<p>  <!-- .wpforms-container --><\/p>\n\n<p>\u00a0<\/p>\n\n<div class=\"wp-block-spacer\" style=\"height: 75px;\" aria-hidden=\"true\">\u00a0<\/div>\n\n<h3 class=\"wp-block-heading\">Impressum<\/h3>\n\n<p>Efua Traor\u00e9<br \/>c\/o autorengl\u00fcck.de<br \/>Franz-Mehring-Str. 15<br \/>D-01237 Dresden<\/p>\n\n<p>For parcels please do not use the above address, but rather inquire separately via contact form or email.<\/p>\n\n<figure class=\"wp-block-image size-large is-resized\"><img loading=\"lazy\" decoding=\"async\" class=\"alignnone wp-image-142 size-medium\" style=\"width: 223px; height: 50px;\" src=\"https:\/\/efua-traore.com\/wp-content\/uploads\/2020\/03\/Kontakt-Impressum-1-e1718696277822-300x34.jpg\" alt=\"\" width=\"300\" height=\"34\" srcset=\"https:\/\/efua-traore.com\/wp-content\/uploads\/2020\/03\/Kontakt-Impressum-1-e1718696277822-300x34.jpg 300w, https:\/\/efua-traore.com\/wp-content\/uploads\/2020\/03\/Kontakt-Impressum-1-e1718696277822.jpg 440w\" sizes=\"(max-width: 300px) 100vw, 300px\" \/><\/figure>\n\n<div class=\"wp-block-spacer\" style=\"height: 30px;\" aria-hidden=\"true\">\u00a0<\/div>\n\n<h3 class=\"wp-block-heading\">Disclaimer<\/h3>\n\n<p><strong>Haftung f\u00fcr Inhalte<\/strong><\/p>\n\n<p>Als Diensteanbieter sind wir gem\u00e4\u00df \u00a7 7 Abs.1 TMG f\u00fcr eigene Inhalte auf diesen Seiten nach den allgemeinen Gesetzen verantwortlich. Nach \u00a7\u00a7 8 bis 10 TMG sind wir als Diensteanbieter jedoch nicht verpflichtet, \u00fcbermittelte oder gespeicherte fremde Informationen zu \u00fcberwachen oder nach Umst\u00e4nden zu forschen, die auf eine rechtswidrige T\u00e4tigkeit hinweisen.<\/p>\n\n<p>Verpflichtungen zur Entfernung oder Sperrung der Nutzung von Informationen nach den allgemeinen Gesetzen bleiben hiervon unber\u00fchrt. Eine diesbez\u00fcgliche Haftung ist jedoch erst ab dem Zeitpunkt der Kenntnis einer konkreten Rechtsverletzung m\u00f6glich. Bei Bekanntwerden von entsprechenden Rechtsverletzungen werden wir diese Inhalte umgehend entfernen.<\/p>\n\n<p><strong>Haftung f\u00fcr Links<\/strong><\/p>\n\n<p>Unser Angebot enth\u00e4lt Links zu externen Websites Dritter, auf deren Inhalte wir keinen Einfluss haben. Deshalb k\u00f6nnen wir f\u00fcr diese fremden Inhalte auch keine Gew\u00e4hr \u00fcbernehmen. F\u00fcr die Inhalte der verlinkten Seiten ist stets der jeweilige Anbieter oder Betreiber der Seiten verantwortlich. Die verlinkten Seiten wurden zum Zeitpunkt der Verlinkung auf m\u00f6gliche Rechtsverst\u00f6\u00dfe \u00fcberpr\u00fcft. Rechtswidrige Inhalte waren zum Zeitpunkt der Verlinkung nicht erkennbar.<\/p>\n\n<p>Eine permanente inhaltliche Kontrolle der verlinkten Seiten ist jedoch ohne konkrete Anhaltspunkte einer Rechtsverletzung nicht zumutbar. Bei Bekanntwerden von Rechtsverletzungen werden wir derartige Links umgehend entfernen.<\/p>\n\n<p><strong>Urheberrecht<\/strong><\/p>\n\n<p>Die durch die Seitenbetreiber erstellten Inhalte und Werke auf diesen Seiten unterliegen dem deutschen Urheberrecht. Die Vervielf\u00e4ltigung, Bearbeitung, Verbreitung und jede Art der Verwertung au\u00dferhalb der Grenzen des Urheberrechtes bed\u00fcrfen der schriftlichen Zustimmung des jeweiligen Autors bzw. Erstellers. Downloads und Kopien dieser Seite sind nur f\u00fcr den privaten, nicht kommerziellen Gebrauch gestattet.<\/p>\n\n<p>Soweit die Inhalte auf dieser Seite nicht vom Betreiber erstellt wurden, werden die Urheberrechte Dritter beachtet. Insbesondere werden Inhalte Dritter als solche gekennzeichnet. Sollten Sie trotzdem auf eine Urheberrechtsverletzung aufmerksam werden, bitten wir um einen entsprechenden Hinweis. Bei Bekanntwerden von Rechtsverletzungen werden wir derartige Inhalte umgehend entfernen.<\/p>\n\t\t\t\t\t\t\t\t<\/div>\n\t\t\t\t<\/div>\n\t\t\t\t\t<\/div>\n\t\t<\/div>\n\t\t\t\t\t<\/div>\n\t\t<\/section>\n\t\t\t\t<\/div>\n\t\t","protected":false},"excerpt":{"rendered":"<p>I am available for author events and school visits. My school visits are interactive events in which I give insight into my inspirations, writing process, Nigerian culture, myths and folktales and much more. Here are some impressions: Abu Dhabi International<\/p>\n","protected":false},"author":1,"featured_media":0,"parent":0,"menu_order":0,"comment_status":"closed","ping_status":"closed","template":"","meta":{"footnotes":""},"class_list":["post-39","page","type-page","status-publish","hentry"],"_links":{"self":[{"href":"https:\/\/efua-traore.com\/index.php?rest_route=\/wp\/v2\/pages\/39","targetHints":{"allow":["GET"]}}],"collection":[{"href":"https:\/\/efua-traore.com\/index.php?rest_route=\/wp\/v2\/pages"}],"about":[{"href":"https:\/\/efua-traore.com\/index.php?rest_route=\/wp\/v2\/types\/page"}],"author":[{"embeddable":true,"href":"https:\/\/efua-traore.com\/index.php?rest_route=\/wp\/v2\/users\/1"}],"replies":[{"embeddable":true,"href":"https:\/\/efua-traore.com\/index.php?rest_route=%2Fwp%2Fv2%2Fcomments&post=39"}],"version-history":[{"count":65,"href":"https:\/\/efua-traore.com\/index.php?rest_route=\/wp\/v2\/pages\/39\/revisions"}],"predecessor-version":[{"id":1150,"href":"https:\/\/efua-traore.com\/index.php?rest_route=\/wp\/v2\/pages\/39\/revisions\/1150"}],"wp:attachment":[{"href":"https:\/\/efua-traore.com\/index.php?rest_route=%2Fwp%2Fv2%2Fmedia&parent=39"}],"curies":[{"name":"wp","href":"https:\/\/api.w.org\/{rel}","templated":true}]}}